{"id":223,"date":"2023-03-27T20:20:28","date_gmt":"2023-03-27T18:20:28","guid":{"rendered":"https:\/\/valeursoccidentales.fr\/?post_type=product&#038;p=223"},"modified":"2023-04-10T22:40:10","modified_gmt":"2023-04-10T20:40:10","slug":"t-shirt-femme","status":"publish","type":"product","link":"https:\/\/valeursoccidentales.fr\/index.php\/produit\/t-shirt-femme\/","title":{"rendered":"T-shirt femme"},"content":{"rendered":"","protected":false},"excerpt":{"rendered":"<p>T-shirt BIO coton col rond<\/p>\n<p>145 g\/m\u00b2<\/p>\n<p>OEKO-TEX<\/p>\n<p>Encolure ronde en bord-c\u00f4tes avec \u00e9lasthanne. Bande de propret\u00e9 ton sur ton \u00e0 l&rsquo;encolure. Finition double aiguille bas de manches et bas de v\u00eatement. Coupe coup\u00e9e cousue. Certifi\u00e9 STANDARD 100 by OEKO-TEX\u00aeN\u00b0 CQ1007\/7, IFTH<\/p>\n","protected":false},"featured_media":235,"comment_status":"open","ping_status":"closed","template":"","meta":{"_eb_attr":""},"product_cat":[63],"product_tag":[],"class_list":["post-223","product","type-product","status-publish","has-post-thumbnail","hentry","product_cat-t-shirt"],"_links":{"self":[{"href":"https:\/\/valeursoccidentales.fr\/index.php\/wp-json\/wp\/v2\/product\/223","targetHints":{"allow":["GET"]}}],"collection":[{"href":"https:\/\/valeursoccidentales.fr\/index.php\/wp-json\/wp\/v2\/product"}],"about":[{"href":"https:\/\/valeursoccidentales.fr\/index.php\/wp-json\/wp\/v2\/types\/product"}],"replies":[{"embeddable":true,"href":"https:\/\/valeursoccidentales.fr\/index.php\/wp-json\/wp\/v2\/comments?post=223"}],"wp:featuredmedia":[{"embeddable":true,"href":"https:\/\/valeursoccidentales.fr\/index.php\/wp-json\/wp\/v2\/media\/235"}],"wp:attachment":[{"href":"https:\/\/valeursoccidentales.fr\/index.php\/wp-json\/wp\/v2\/media?parent=223"}],"wp:term":[{"taxonomy":"product_cat","embeddable":true,"href":"https:\/\/valeursoccidentales.fr\/index.php\/wp-json\/wp\/v2\/product_cat?post=223"},{"taxonomy":"product_tag","embeddable":true,"href":"https:\/\/valeursoccidentales.fr\/index.php\/wp-json\/wp\/v2\/product_tag?post=223"}],"curies":[{"name":"wp","href":"https:\/\/api.w.org\/{rel}","templated":true}]}}