{"id":188,"date":"2023-03-24T22:35:56","date_gmt":"2023-03-24T21:35:56","guid":{"rendered":"https:\/\/valeursoccidentales.fr\/?post_type=product&#038;p=188"},"modified":"2023-05-25T09:12:51","modified_gmt":"2023-05-25T07:12:51","slug":"t-shirt-valeurs-occidentales","status":"publish","type":"product","link":"https:\/\/valeursoccidentales.fr\/index.php\/produit\/t-shirt-valeurs-occidentales\/","title":{"rendered":"T-shirt homme"},"content":{"rendered":"","protected":false},"excerpt":{"rendered":"<p>T-shirt BIO coton col rond<\/p>\n<p>145 g\/m\u00b2<\/p>\n<p>OEKO-TEX<\/p>\n<p>Encolure ronde en bord-c\u00f4tes\u00a0\u00e9lasthanne. Bande de propret\u00e9 ton sur ton \u00e0 l&rsquo;encolure. Coupe Tubulaire. Finition double aiguille bas de manches et bas de v\u00eatement. Certifi\u00e9 STANDARD 100 by OEKO-TEX\u00aeN\u00b0 CQ1007\/7, IFTH.<\/p>\n","protected":false},"featured_media":239,"comment_status":"open","ping_status":"closed","template":"","meta":{"_eb_attr":""},"product_cat":[63],"product_tag":[],"class_list":["post-188","product","type-product","status-publish","has-post-thumbnail","hentry","product_cat-t-shirt"],"_links":{"self":[{"href":"https:\/\/valeursoccidentales.fr\/index.php\/wp-json\/wp\/v2\/product\/188","targetHints":{"allow":["GET"]}}],"collection":[{"href":"https:\/\/valeursoccidentales.fr\/index.php\/wp-json\/wp\/v2\/product"}],"about":[{"href":"https:\/\/valeursoccidentales.fr\/index.php\/wp-json\/wp\/v2\/types\/product"}],"replies":[{"embeddable":true,"href":"https:\/\/valeursoccidentales.fr\/index.php\/wp-json\/wp\/v2\/comments?post=188"}],"wp:featuredmedia":[{"embeddable":true,"href":"https:\/\/valeursoccidentales.fr\/index.php\/wp-json\/wp\/v2\/media\/239"}],"wp:attachment":[{"href":"https:\/\/valeursoccidentales.fr\/index.php\/wp-json\/wp\/v2\/media?parent=188"}],"wp:term":[{"taxonomy":"product_cat","embeddable":true,"href":"https:\/\/valeursoccidentales.fr\/index.php\/wp-json\/wp\/v2\/product_cat?post=188"},{"taxonomy":"product_tag","embeddable":true,"href":"https:\/\/valeursoccidentales.fr\/index.php\/wp-json\/wp\/v2\/product_tag?post=188"}],"curies":[{"name":"wp","href":"https:\/\/api.w.org\/{rel}","templated":true}]}}